{"id":25099539,"date":"2025-06-24T14:48:23","date_gmt":"2025-06-24T12:48:23","guid":{"rendered":"https:\/\/bochassis.be\/?page_id=25099539"},"modified":"2025-06-27T15:43:46","modified_gmt":"2025-06-27T13:43:46","slug":"legal-notice","status":"publish","type":"page","link":"https:\/\/bochassis.be\/en\/mentions-legales\/","title":{"rendered":"Terms of use"},"content":{"rendered":"\n[et_pb_section fb_built=\u00a0\u00bb1&Prime; theme_builder_area=\u00a0\u00bbpost_content\u00a0\u00bb _builder_version=\u00a0\u00bb4.27.4&Prime; _module_preset=\u00a0\u00bbdefault\u00a0\u00bb][et_pb_row _builder_version=\u00a0\u00bb4.27.4&Prime; _module_preset=\u00a0\u00bbdefault\u00a0\u00bb theme_builder_area=\u00a0\u00bbpost_content\u00a0\u00bb][et_pb_column _builder_version=\u00a0\u00bb4.27.4&Prime; _module_preset=\u00a0\u00bbdefault\u00a0\u00bb type=\u00a0\u00bb4_4&Prime; theme_builder_area=\u00a0\u00bbpost_content\u00a0\u00bb][et_pb_text _builder_version=\u00a0\u00bb4.27.4&Prime; _module_preset=\u00a0\u00bbdefault\u00a0\u00bb theme_builder_area=\u00a0\u00bbpost_content\u00a0\u00bb header_font=\u00a0\u00bbMonaSans|800|||||||\u00a0\u00bb header_font_size=\u00a0\u00bb42px\u00a0\u00bb header_text_color=\u00a0\u00bb#000000&Prime; text_text_color=\u00a0\u00bb#000000&Prime; text_font=\u00a0\u00bbMonaSans||||||||\u00a0\u00bb hover_enabled=\u00a0\u00bb0&Prime; sticky_enabled=\u00a0\u00bb0&Prime; header_2_font=\u00a0\u00bbMonaSans||||||||\u00a0\u00bb header_2_text_color=\u00a0\u00bb#000000&Prime; header_3_font=\u00a0\u00bbMonaSans||||||||\u00a0\u00bb header_3_text_color=\u00a0\u00bb#000000&Prime; link_text_color=\u00a0\u00bb#ef5f00&Prime;]<h1 data-start=\"468\" data-end=\"502\">Mentions l\u00e9gales &#8211; bochassis.be<\/h1>\n<hr data-start=\"504\" data-end=\"507\" \/>\n<h3 data-start=\"509\" data-end=\"533\">1. \u00c9diteur du site<\/h3>\n<p data-start=\"534\" data-end=\"587\">Le site <strong data-start=\"542\" data-end=\"558\">bochassis.be<\/strong> est \u00e9dit\u00e9 par la soci\u00e9t\u00e9 :<\/p>\n<p data-start=\"589\" data-end=\"795\"><strong data-start=\"589\" data-end=\"607\">BO CH\u00c2SSIS SRL<\/strong><br data-start=\"607\" data-end=\"610\" \/>Num\u00e9ro d\u2019entreprise (BCE) : BE0661691042<br data-start=\"650\" data-end=\"653\" \/>Adresse du si\u00e8ge social : Rue Vanderkindere 344, 1180 Uccle, Belgique<br data-start=\"722\" data-end=\"725\" \/>T\u00e9l\u00e9phone : Non communiqu\u00e9 publiquement<br data-start=\"764\" data-end=\"767\" \/>E-mail : <a data-start=\"776\" data-end=\"793\" class=\"cursor-pointer\" rel=\"noopener\">emav@bochassis.be<\/a><\/p>\n<hr data-start=\"797\" data-end=\"800\" \/>\n<h3 data-start=\"802\" data-end=\"840\">2. Responsable de la publication<\/h3>\n<p data-start=\"841\" data-end=\"942\">La responsabilit\u00e9 \u00e9ditoriale du site incombe \u00e0 :<br data-start=\"889\" data-end=\"892\" \/><strong data-start=\"892\" data-end=\"910\">BO CH\u00c2SSIS SRL<\/strong><br data-start=\"910\" data-end=\"913\" \/>Contact : <a data-start=\"923\" data-end=\"940\" class=\"cursor-pointer\" rel=\"noopener\">emav@bochassis.be<\/a><\/p>\n<hr data-start=\"944\" data-end=\"947\" \/>\n<h3 data-start=\"949\" data-end=\"969\">3. H\u00e9bergement<\/h3>\n<p data-start=\"970\" data-end=\"1091\">Le site est h\u00e9berg\u00e9 par :<br data-start=\"995\" data-end=\"998\" \/><strong data-start=\"998\" data-end=\"1005\">OVH<\/strong><br data-start=\"1005\" data-end=\"1008\" \/>Adresse : 2 rue Kellermann, 59100 Roubaix, France<br data-start=\"1057\" data-end=\"1060\" \/>T\u00e9l\u00e9phone : +33 9 72 10 10 07<\/p>\n<hr data-start=\"1093\" data-end=\"1096\" \/>\n<h3 data-start=\"1098\" data-end=\"1129\">4. CMS et outils utilis\u00e9s<\/h3>\n<p data-start=\"1130\" data-end=\"1270\">Le site est d\u00e9velopp\u00e9 et maintenu sous <strong data-start=\"1169\" data-end=\"1182\">WordPress<\/strong> avec le th\u00e8me <strong data-start=\"1197\" data-end=\"1205\">Divi<\/strong>.<br data-start=\"1206\" data-end=\"1209\" \/>Google Analytics est utilis\u00e9 pour analyser le trafic du site.<\/p>\n<hr data-start=\"1272\" data-end=\"1275\" \/>\n<h3 data-start=\"1277\" data-end=\"1310\">5. Propri\u00e9t\u00e9 intellectuelle<\/h3>\n<p data-start=\"1311\" data-end=\"1529\">L\u2019ensemble des contenus pr\u00e9sents sur ce site (textes, images, logos, vid\u00e9os) sont la propri\u00e9t\u00e9 exclusive de <strong data-start=\"1419\" data-end=\"1437\">BO CH\u00c2SSIS SRL<\/strong>. Toute reproduction, totale ou partielle, est interdite sans autorisation \u00e9crite pr\u00e9alable.<\/p>\n<hr data-start=\"1531\" data-end=\"1534\" \/>\n<h3 data-start=\"1536\" data-end=\"1558\">6. Acc\u00e8s au site<\/h3>\n<p data-start=\"1559\" data-end=\"1763\">Le site est accessible gratuitement 24h\/24, 7 jours\/7, sauf en cas de maintenance ou de force majeure. BO CH\u00c2SSIS SRL ne pourra \u00eatre tenue responsable des \u00e9ventuelles interruptions ou difficult\u00e9s d\u2019acc\u00e8s.<\/p>\n<hr data-start=\"1765\" data-end=\"1768\" \/>\n<h3 data-start=\"1770\" data-end=\"1810\">7. Donn\u00e9es personnelles et cookies<\/h3>\n<p data-start=\"1811\" data-end=\"1983\">Pour plus d\u2019informations concernant la collecte et le traitement des donn\u00e9es personnelles, veuillez consulter notre <strong data-start=\"1927\" data-end=\"1959\">Politique de confidentialit\u00e9<\/strong> disponible sur ce site.<\/p>\n<hr data-start=\"1985\" data-end=\"1988\" \/>\n<h3 data-start=\"1990\" data-end=\"2013\">8. Loi applicable<\/h3>\n<p data-start=\"2014\" data-end=\"2074\">Les pr\u00e9sentes mentions l\u00e9gales sont soumises au droit belge.<\/p>[\/et_pb_text][\/et_pb_column][\/et_pb_row][\/et_pb_section]\n","protected":false},"excerpt":{"rendered":"<p>Mentions l\u00e9gales &#8211; bochassis.be 1. \u00c9diteur du site Le site bochassis.be est \u00e9dit\u00e9 par la soci\u00e9t\u00e9 : BO CH\u00c2SSIS SRLNum\u00e9ro d\u2019entreprise (BCE) : BE0661691042Adresse du si\u00e8ge social : Rue Vanderkindere 344, 1180 Uccle, BelgiqueT\u00e9l\u00e9phone : Non communiqu\u00e9 publiquementE-mail : emav@bochassis.be 2. Responsable de la publication La responsabilit\u00e9 \u00e9ditoriale du site incombe \u00e0 :BO CH\u00c2SSIS SRLContact [&hellip;]<\/p>\n","protected":false},"author":1,"featured_media":0,"parent":0,"menu_order":0,"comment_status":"closed","ping_status":"closed","template":"","meta":{"_et_pb_use_builder":"on","_et_pb_old_content":"","_et_gb_content_width":"","footnotes":""},"dipi_cpt_category":[],"class_list":["post-25099539","page","type-page","status-publish","hentry"],"yoast_head":"<!-- This site is optimized with the Yoast SEO plugin v27.2 - https:\/\/yoast.com\/product\/yoast-seo-wordpress\/ -->\n<title>Mentions l\u00e9gales | Bo Ch\u00e2ssis Bruxelles<\/title>\n<meta name=\"description\" content=\"Consultez les mentions l\u00e9gales du site bochassis.be : informations sur l\u2019entreprise, l\u2019\u00e9diteur du site et les conditions d\u2019utilisation.\" \/>\n<meta name=\"robots\" content=\"index, follow, max-snippet:-1, max-image-preview:large, max-video-preview:-1\" \/>\n<link rel=\"canonical\" href=\"https:\/\/bochassis.be\/en\/legal-notice\/\" \/>\n<meta property=\"og:locale\" content=\"en_US\" \/>\n<meta property=\"og:type\" content=\"article\" \/>\n<meta property=\"og:title\" content=\"Mentions l\u00e9gales | Bo Ch\u00e2ssis Bruxelles\" \/>\n<meta property=\"og:description\" content=\"Consultez les mentions l\u00e9gales du site bochassis.be : informations sur l\u2019entreprise, l\u2019\u00e9diteur du site et les conditions d\u2019utilisation.\" \/>\n<meta property=\"og:url\" content=\"https:\/\/bochassis.be\/en\/legal-notice\/\" \/>\n<meta property=\"og:site_name\" content=\"Bo Chassis\" \/>\n<meta property=\"article:publisher\" content=\"https:\/\/www.facebook.com\/bochassis\/\" \/>\n<meta property=\"article:modified_time\" content=\"2025-06-27T13:43:46+00:00\" \/>\n<meta name=\"twitter:card\" content=\"summary_large_image\" \/>\n<meta name=\"twitter:label1\" content=\"Est. reading time\" \/>\n\t<meta name=\"twitter:data1\" content=\"2 minutes\" \/>\n<script type=\"application\/ld+json\" class=\"yoast-schema-graph\">{\"@context\":\"https:\/\/schema.org\",\"@graph\":[{\"@type\":\"WebPage\",\"@id\":\"https:\/\/bochassis.be\/mentions-legales\/\",\"url\":\"https:\/\/bochassis.be\/mentions-legales\/\",\"name\":\"Mentions l\u00e9gales | Bo Ch\u00e2ssis Bruxelles\",\"isPartOf\":{\"@id\":\"https:\/\/bochassis.be\/#website\"},\"datePublished\":\"2025-06-24T12:48:23+00:00\",\"dateModified\":\"2025-06-27T13:43:46+00:00\",\"description\":\"Consultez les mentions l\u00e9gales du site bochassis.be : informations sur l\u2019entreprise, l\u2019\u00e9diteur du site et les conditions d\u2019utilisation.\",\"breadcrumb\":{\"@id\":\"https:\/\/bochassis.be\/mentions-legales\/#breadcrumb\"},\"inLanguage\":\"en-US\",\"potentialAction\":[{\"@type\":\"ReadAction\",\"target\":[\"https:\/\/bochassis.be\/mentions-legales\/\"]}]},{\"@type\":\"BreadcrumbList\",\"@id\":\"https:\/\/bochassis.be\/mentions-legales\/#breadcrumb\",\"itemListElement\":[{\"@type\":\"ListItem\",\"position\":1,\"name\":\"Accueil\",\"item\":\"https:\/\/bochassis.be\/\"},{\"@type\":\"ListItem\",\"position\":2,\"name\":\"Mentions L\u00e9gales\"}]},{\"@type\":\"WebSite\",\"@id\":\"https:\/\/bochassis.be\/#website\",\"url\":\"https:\/\/bochassis.be\/\",\"name\":\"Bo Chassis\",\"description\":\"\",\"publisher\":{\"@id\":\"https:\/\/bochassis.be\/#organization\"},\"potentialAction\":[{\"@type\":\"SearchAction\",\"target\":{\"@type\":\"EntryPoint\",\"urlTemplate\":\"https:\/\/bochassis.be\/?s={search_term_string}\"},\"query-input\":{\"@type\":\"PropertyValueSpecification\",\"valueRequired\":true,\"valueName\":\"search_term_string\"}}],\"inLanguage\":\"en-US\"},{\"@type\":\"Organization\",\"@id\":\"https:\/\/bochassis.be\/#organization\",\"name\":\"Bo Chassis\",\"url\":\"https:\/\/bochassis.be\/\",\"logo\":{\"@type\":\"ImageObject\",\"inLanguage\":\"en-US\",\"@id\":\"https:\/\/bochassis.be\/#\/schema\/logo\/image\/\",\"url\":\"https:\/\/bochassis.be\/wp-content\/uploads\/2025\/05\/cropped-Logo.png\",\"contentUrl\":\"https:\/\/bochassis.be\/wp-content\/uploads\/2025\/05\/cropped-Logo.png\",\"width\":512,\"height\":512,\"caption\":\"Bo Chassis\"},\"image\":{\"@id\":\"https:\/\/bochassis.be\/#\/schema\/logo\/image\/\"},\"sameAs\":[\"https:\/\/www.facebook.com\/bochassis\/\",\"https:\/\/www.instagram.com\/bochassis\/\"]}]}<\/script>\n<!-- \/ Yoast SEO plugin. -->","yoast_head_json":{"title":"Legal information | Bo Ch\u00e2ssis Bruxelles","description":"Consult the legal notice for the bochassis.be site: information about the company, the site editor and the conditions of use.","robots":{"index":"index","follow":"follow","max-snippet":"max-snippet:-1","max-image-preview":"max-image-preview:large","max-video-preview":"max-video-preview:-1"},"canonical":"https:\/\/bochassis.be\/en\/legal-notice\/","og_locale":"en_US","og_type":"article","og_title":"Mentions l\u00e9gales | Bo Ch\u00e2ssis Bruxelles","og_description":"Consultez les mentions l\u00e9gales du site bochassis.be : informations sur l\u2019entreprise, l\u2019\u00e9diteur du site et les conditions d\u2019utilisation.","og_url":"https:\/\/bochassis.be\/en\/legal-notice\/","og_site_name":"Bo Chassis","article_publisher":"https:\/\/www.facebook.com\/bochassis\/","article_modified_time":"2025-06-27T13:43:46+00:00","twitter_card":"summary_large_image","twitter_misc":{"Est. reading time":"2 minutes"},"schema":{"@context":"https:\/\/schema.org","@graph":[{"@type":"WebPage","@id":"https:\/\/bochassis.be\/mentions-legales\/","url":"https:\/\/bochassis.be\/mentions-legales\/","name":"Legal information | Bo Ch\u00e2ssis Bruxelles","isPartOf":{"@id":"https:\/\/bochassis.be\/#website"},"datePublished":"2025-06-24T12:48:23+00:00","dateModified":"2025-06-27T13:43:46+00:00","description":"Consult the legal notice for the bochassis.be site: information about the company, the site editor and the conditions of use.","breadcrumb":{"@id":"https:\/\/bochassis.be\/mentions-legales\/#breadcrumb"},"inLanguage":"en-US","potentialAction":[{"@type":"ReadAction","target":["https:\/\/bochassis.be\/mentions-legales\/"]}]},{"@type":"BreadcrumbList","@id":"https:\/\/bochassis.be\/mentions-legales\/#breadcrumb","itemListElement":[{"@type":"ListItem","position":1,"name":"Accueil","item":"https:\/\/bochassis.be\/"},{"@type":"ListItem","position":2,"name":"Mentions L\u00e9gales"}]},{"@type":"WebSite","@id":"https:\/\/bochassis.be\/#website","url":"https:\/\/bochassis.be\/","name":"Bo Chassis","description":"","publisher":{"@id":"https:\/\/bochassis.be\/#organization"},"potentialAction":[{"@type":"SearchAction","target":{"@type":"EntryPoint","urlTemplate":"https:\/\/bochassis.be\/?s={search_term_string}"},"query-input":{"@type":"PropertyValueSpecification","valueRequired":true,"valueName":"search_term_string"}}],"inLanguage":"en-US"},{"@type":"Organization","@id":"https:\/\/bochassis.be\/#organization","name":"Bo Chassis","url":"https:\/\/bochassis.be\/","logo":{"@type":"ImageObject","inLanguage":"en-US","@id":"https:\/\/bochassis.be\/#\/schema\/logo\/image\/","url":"https:\/\/bochassis.be\/wp-content\/uploads\/2025\/05\/cropped-Logo.png","contentUrl":"https:\/\/bochassis.be\/wp-content\/uploads\/2025\/05\/cropped-Logo.png","width":512,"height":512,"caption":"Bo Chassis"},"image":{"@id":"https:\/\/bochassis.be\/#\/schema\/logo\/image\/"},"sameAs":["https:\/\/www.facebook.com\/bochassis\/","https:\/\/www.instagram.com\/bochassis\/"]}]}},"_links":{"self":[{"href":"https:\/\/bochassis.be\/en\/wp-json\/wp\/v2\/pages\/25099539","targetHints":{"allow":["GET"]}}],"collection":[{"href":"https:\/\/bochassis.be\/en\/wp-json\/wp\/v2\/pages"}],"about":[{"href":"https:\/\/bochassis.be\/en\/wp-json\/wp\/v2\/types\/page"}],"author":[{"embeddable":true,"href":"https:\/\/bochassis.be\/en\/wp-json\/wp\/v2\/users\/1"}],"replies":[{"embeddable":true,"href":"https:\/\/bochassis.be\/en\/wp-json\/wp\/v2\/comments?post=25099539"}],"version-history":[{"count":0,"href":"https:\/\/bochassis.be\/en\/wp-json\/wp\/v2\/pages\/25099539\/revisions"}],"wp:attachment":[{"href":"https:\/\/bochassis.be\/en\/wp-json\/wp\/v2\/media?parent=25099539"}],"wp:term":[{"taxonomy":"dipi_cpt_category","embeddable":true,"href":"https:\/\/bochassis.be\/en\/wp-json\/wp\/v2\/dipi_cpt_category?post=25099539"}],"curies":[{"name":"wp","href":"https:\/\/api.w.org\/{rel}","templated":true}]}}